{"id":1037,"date":"2020-12-15T10:20:15","date_gmt":"2020-12-15T10:20:15","guid":{"rendered":"https:\/\/xstore.8theme.com\/elementor\/demos\/marseille03\/?page_id=1037"},"modified":"2020-12-15T10:20:15","modified_gmt":"2020-12-15T10:20:15","slug":"categories","status":"publish","type":"page","link":"https:\/\/tuxaro.store\/fr\/categories\/","title":{"rendered":"Categories"},"content":{"rendered":"<div data-elementor-type=\"wp-page\" data-elementor-id=\"1037\" class=\"elementor elementor-1037\" data-elementor-post-type=\"page\">\n\t\t\t\t\t\t<section class=\"elementor-section elementor-top-section elementor-element elementor-element-c4f872d elementor-section-boxed elementor-section-height-default elementor-section-height-default\" data-id=\"c4f872d\" data-element_type=\"section\" data-e-type=\"section\">\n\t\t\t\t\t\t<div class=\"elementor-container elementor-column-gap-no\">\n\t\t\t\t\t<div class=\"elementor-column elementor-col-100 elementor-top-column elementor-element elementor-element-9eea3d3\" data-id=\"9eea3d3\" data-element_type=\"column\" data-e-type=\"column\">\n\t\t\t<div class=\"elementor-widget-wrap elementor-element-populated\">\n\t\t\t\t\t\t<div class=\"elementor-element elementor-element-f03fe8c elementor-widget elementor-widget-etheme_categories\" data-id=\"f03fe8c\" data-element_type=\"widget\" data-e-type=\"widget\" data-widget_type=\"etheme_categories.default\">\n\t\t\t\t<div class=\"elementor-widget-container\">\n\t\t\t\t\t\t\t\t        <link rel=\"stylesheet\" href=\"https:\/\/tuxaro.store\/wp-content\/themes\/xstore\/css\/modules\/builders\/categories-carousel.min.css?ver=1.0\" type=\"text\/css\" media=\"all\" \/> \t\t\n                <div class=\"swiper-entry\">\n\n                    <div class=\"slider-6593 categories-grid row\" >\n\t\t\t\t\t\t\n\t\t\t\t\t\t    <div class=\"category-grid col-xs-12 col-sm-3 columns-4 text-color-dark valign-center style-classic content-under product-category product\"\t\tdata-hover=\"none\">\n\t\t<a aria-label=\"Acc\u00e9der \u00e0 la cat\u00e9gorie de produits Accessories\" href=\"https:\/\/tuxaro.store\/fr\/categorie-produit\/accessories\/\" data-no-translation-aria-label=\"\"><img loading=\"lazy\" decoding=\"async\" src=\"https:\/\/tuxaro.store\/wp-content\/uploads\/2025\/12\/img-category-6-300x300.png\" alt=\"Accessories\" width=\"300\" height=\"300\" srcset=\"https:\/\/tuxaro.store\/wp-content\/uploads\/2025\/12\/img-category-6-300x300.png 300w, https:\/\/tuxaro.store\/wp-content\/uploads\/2025\/12\/img-category-6-150x150.png 150w, https:\/\/tuxaro.store\/wp-content\/uploads\/2025\/12\/img-category-6-768x768.png 768w, https:\/\/tuxaro.store\/wp-content\/uploads\/2025\/12\/img-category-6-600x600.png 600w, https:\/\/tuxaro.store\/wp-content\/uploads\/2025\/12\/img-category-6-100x100.png 100w, https:\/\/tuxaro.store\/wp-content\/uploads\/2025\/12\/img-category-6-1x1.png 1w, https:\/\/tuxaro.store\/wp-content\/uploads\/2025\/12\/img-category-6-10x10.png 10w, https:\/\/tuxaro.store\/wp-content\/uploads\/2025\/12\/img-category-6.png 1024w\" sizes=\"auto, (max-width: 300px) 100vw, 300px\" \/><\/a>\n        <div class=\"categories-mask text-center text-uppercase\">\n\t\t\t\t\t\t\t<a aria-label=\"Acc\u00e9der \u00e0 la cat\u00e9gorie de produits Accessories\" href=\"https:\/\/tuxaro.store\/fr\/categorie-produit\/accessories\/\" data-no-translation-aria-label=\"\">                    <h4>Accessoires<\/h4>\n                    <\/a>\t\t\t\t\t\t\t<a aria-label=\"Acc\u00e9der \u00e0 la cat\u00e9gorie de produits Accessories\" href=\"https:\/\/tuxaro.store\/fr\/categorie-produit\/accessories\/\" data-no-translation-aria-label=\"\"> <mark class=\"count\">2 products<\/mark><\/a>\t\t\t        <\/div>\n\t\t\n\t\t    \n    \n    <\/div>\n\n    <div class=\"category-grid col-xs-12 col-sm-3 columns-4 text-color-dark valign-center style-classic content-under product-category product last\"\t\tdata-hover=\"none\">\n\t\t<a aria-label=\"Acc\u00e9der \u00e0 la cat\u00e9gorie de produits Blazers\" href=\"https:\/\/tuxaro.store\/fr\/categorie-produit\/blazers\/\" data-no-translation-aria-label=\"\"><img loading=\"lazy\" decoding=\"async\" src=\"https:\/\/tuxaro.store\/wp-content\/uploads\/woocommerce-placeholder-300x300.webp\" alt=\"Blazers\" width=\"300\" height=\"300\" \/><\/a>\n        <div class=\"categories-mask text-center text-uppercase\">\n\t\t\t\t\t\t\t<a aria-label=\"Acc\u00e9der \u00e0 la cat\u00e9gorie de produits Blazers\" href=\"https:\/\/tuxaro.store\/fr\/categorie-produit\/blazers\/\" data-no-translation-aria-label=\"\">                    <h4>Blazers<\/h4>\n                    <\/a>\t\t\t\t\t\t\t<a aria-label=\"Acc\u00e9der \u00e0 la cat\u00e9gorie de produits Blazers\" href=\"https:\/\/tuxaro.store\/fr\/categorie-produit\/blazers\/\" data-no-translation-aria-label=\"\"> <mark class=\"count\">3 products<\/mark><\/a>\t\t\t        <\/div>\n\t\t\n\t\t    \n    \n    <\/div>\n\n    <div class=\"category-grid col-xs-12 col-sm-3 columns-4 text-color-dark valign-center style-classic content-under product-category product\"\t\tdata-hover=\"none\">\n\t\t<a aria-label=\"Acc\u00e9der \u00e0 la cat\u00e9gorie de produits Dress Shirts\" href=\"https:\/\/tuxaro.store\/fr\/categorie-produit\/dress-shirts\/\" data-no-translation-aria-label=\"\"><img loading=\"lazy\" decoding=\"async\" src=\"https:\/\/tuxaro.store\/wp-content\/uploads\/2025\/12\/img-category-2-300x300.png\" alt=\"Dress Shirts\" width=\"300\" height=\"300\" srcset=\"https:\/\/tuxaro.store\/wp-content\/uploads\/2025\/12\/img-category-2-300x300.png 300w, https:\/\/tuxaro.store\/wp-content\/uploads\/2025\/12\/img-category-2-150x150.png 150w, https:\/\/tuxaro.store\/wp-content\/uploads\/2025\/12\/img-category-2-768x768.png 768w, https:\/\/tuxaro.store\/wp-content\/uploads\/2025\/12\/img-category-2-600x600.png 600w, https:\/\/tuxaro.store\/wp-content\/uploads\/2025\/12\/img-category-2-100x100.png 100w, https:\/\/tuxaro.store\/wp-content\/uploads\/2025\/12\/img-category-2-1x1.png 1w, https:\/\/tuxaro.store\/wp-content\/uploads\/2025\/12\/img-category-2-10x10.png 10w, https:\/\/tuxaro.store\/wp-content\/uploads\/2025\/12\/img-category-2.png 1024w\" sizes=\"auto, (max-width: 300px) 100vw, 300px\" \/><\/a>\n        <div class=\"categories-mask text-center text-uppercase\">\n\t\t\t\t\t\t\t<a aria-label=\"Acc\u00e9der \u00e0 la cat\u00e9gorie de produits Dress Shirts\" href=\"https:\/\/tuxaro.store\/fr\/categorie-produit\/dress-shirts\/\" data-no-translation-aria-label=\"\">                    <h4>Chemises habill\u00e9es<\/h4>\n                    <\/a>\t\t\t\t\t\t\t<a aria-label=\"Acc\u00e9der \u00e0 la cat\u00e9gorie de produits Dress Shirts\" href=\"https:\/\/tuxaro.store\/fr\/categorie-produit\/dress-shirts\/\" data-no-translation-aria-label=\"\"> <mark class=\"count\">2 products<\/mark><\/a>\t\t\t        <\/div>\n\t\t\n\t\t    \n    \n    <\/div>\n\n    <div class=\"category-grid col-xs-12 col-sm-3 columns-4 text-color-dark valign-center style-classic content-under product-category product last\"\t\tdata-hover=\"none\">\n\t\t<a aria-label=\"Acc\u00e9der \u00e0 la cat\u00e9gorie de produits Shoes\" href=\"https:\/\/tuxaro.store\/fr\/categorie-produit\/shoes\/\" data-no-translation-aria-label=\"\"><img loading=\"lazy\" decoding=\"async\" src=\"https:\/\/tuxaro.store\/wp-content\/uploads\/2025\/12\/img-category-4-300x300.png\" alt=\"Shoes\" width=\"300\" height=\"300\" srcset=\"https:\/\/tuxaro.store\/wp-content\/uploads\/2025\/12\/img-category-4-300x300.png 300w, https:\/\/tuxaro.store\/wp-content\/uploads\/2025\/12\/img-category-4-150x150.png 150w, https:\/\/tuxaro.store\/wp-content\/uploads\/2025\/12\/img-category-4-768x768.png 768w, https:\/\/tuxaro.store\/wp-content\/uploads\/2025\/12\/img-category-4-600x600.png 600w, https:\/\/tuxaro.store\/wp-content\/uploads\/2025\/12\/img-category-4-100x100.png 100w, https:\/\/tuxaro.store\/wp-content\/uploads\/2025\/12\/img-category-4-1x1.png 1w, https:\/\/tuxaro.store\/wp-content\/uploads\/2025\/12\/img-category-4-10x10.png 10w, https:\/\/tuxaro.store\/wp-content\/uploads\/2025\/12\/img-category-4.png 1024w\" sizes=\"auto, (max-width: 300px) 100vw, 300px\" \/><\/a>\n        <div class=\"categories-mask text-center text-uppercase\">\n\t\t\t\t\t\t\t<a aria-label=\"Acc\u00e9der \u00e0 la cat\u00e9gorie de produits Shoes\" href=\"https:\/\/tuxaro.store\/fr\/categorie-produit\/shoes\/\" data-no-translation-aria-label=\"\">                    <h4>Chaussures<\/h4>\n                    <\/a>\t\t\t\t\t\t\t<a aria-label=\"Acc\u00e9der \u00e0 la cat\u00e9gorie de produits Shoes\" href=\"https:\/\/tuxaro.store\/fr\/categorie-produit\/shoes\/\" data-no-translation-aria-label=\"\"> <mark class=\"count\">3 products<\/mark><\/a>\t\t\t        <\/div>\n\t\t\n\t\t    \n    \n    <\/div>\n\n    <div class=\"category-grid col-xs-12 col-sm-3 columns-4 text-color-dark valign-center style-classic content-under product-category product\"\t\tdata-hover=\"none\">\n\t\t<a aria-label=\"Acc\u00e9der \u00e0 la cat\u00e9gorie de produits Suits\" href=\"https:\/\/tuxaro.store\/fr\/categorie-produit\/suits\/\" data-no-translation-aria-label=\"\"><img loading=\"lazy\" decoding=\"async\" src=\"https:\/\/tuxaro.store\/wp-content\/uploads\/2025\/12\/img-category-1-300x300.png\" alt=\"Suits\" width=\"300\" height=\"300\" srcset=\"https:\/\/tuxaro.store\/wp-content\/uploads\/2025\/12\/img-category-1-300x300.png 300w, https:\/\/tuxaro.store\/wp-content\/uploads\/2025\/12\/img-category-1-150x150.png 150w, https:\/\/tuxaro.store\/wp-content\/uploads\/2025\/12\/img-category-1-768x768.png 768w, https:\/\/tuxaro.store\/wp-content\/uploads\/2025\/12\/img-category-1-600x600.png 600w, https:\/\/tuxaro.store\/wp-content\/uploads\/2025\/12\/img-category-1-100x100.png 100w, https:\/\/tuxaro.store\/wp-content\/uploads\/2025\/12\/img-category-1-1x1.png 1w, https:\/\/tuxaro.store\/wp-content\/uploads\/2025\/12\/img-category-1-10x10.png 10w, https:\/\/tuxaro.store\/wp-content\/uploads\/2025\/12\/img-category-1.png 1024w\" sizes=\"auto, (max-width: 300px) 100vw, 300px\" \/><\/a>\n        <div class=\"categories-mask text-center text-uppercase\">\n\t\t\t\t\t\t\t<a aria-label=\"Acc\u00e9der \u00e0 la cat\u00e9gorie de produits Suits\" href=\"https:\/\/tuxaro.store\/fr\/categorie-produit\/suits\/\" data-no-translation-aria-label=\"\">                    <h4>Costumes<\/h4>\n                    <\/a>\t\t\t\t\t\t\t<a aria-label=\"Acc\u00e9der \u00e0 la cat\u00e9gorie de produits Suits\" href=\"https:\/\/tuxaro.store\/fr\/categorie-produit\/suits\/\" data-no-translation-aria-label=\"\"> <mark class=\"count\">1 product<\/mark><\/a>\t\t\t        <\/div>\n\t\t\n\t\t    \n    \n    <\/div>\n\n    <div class=\"category-grid col-xs-12 col-sm-3 columns-4 text-color-dark valign-center style-classic content-under product-category product last\"\t\tdata-hover=\"none\">\n\t\t<a aria-label=\"Acc\u00e9der \u00e0 la cat\u00e9gorie de produits Tuxedos\" href=\"https:\/\/tuxaro.store\/fr\/categorie-produit\/tuxedos\/\" data-no-translation-aria-label=\"\"><img loading=\"lazy\" decoding=\"async\" src=\"https:\/\/tuxaro.store\/wp-content\/uploads\/2025\/12\/img-category-7-300x300.png\" alt=\"Tuxedos\" width=\"300\" height=\"300\" srcset=\"https:\/\/tuxaro.store\/wp-content\/uploads\/2025\/12\/img-category-7-300x300.png 300w, https:\/\/tuxaro.store\/wp-content\/uploads\/2025\/12\/img-category-7-150x150.png 150w, https:\/\/tuxaro.store\/wp-content\/uploads\/2025\/12\/img-category-7-768x768.png 768w, https:\/\/tuxaro.store\/wp-content\/uploads\/2025\/12\/img-category-7-600x600.png 600w, https:\/\/tuxaro.store\/wp-content\/uploads\/2025\/12\/img-category-7-100x100.png 100w, https:\/\/tuxaro.store\/wp-content\/uploads\/2025\/12\/img-category-7-1x1.png 1w, https:\/\/tuxaro.store\/wp-content\/uploads\/2025\/12\/img-category-7-10x10.png 10w, https:\/\/tuxaro.store\/wp-content\/uploads\/2025\/12\/img-category-7.png 1024w\" sizes=\"auto, (max-width: 300px) 100vw, 300px\" \/><\/a>\n        <div class=\"categories-mask text-center text-uppercase\">\n\t\t\t\t\t\t\t<a aria-label=\"Acc\u00e9der \u00e0 la cat\u00e9gorie de produits Tuxedos\" href=\"https:\/\/tuxaro.store\/fr\/categorie-produit\/tuxedos\/\" data-no-translation-aria-label=\"\">                    <h4>Smoking<\/h4>\n                    <\/a>\t\t\t\t\t\t\t<a aria-label=\"Acc\u00e9der \u00e0 la cat\u00e9gorie de produits Tuxedos\" href=\"https:\/\/tuxaro.store\/fr\/categorie-produit\/tuxedos\/\" data-no-translation-aria-label=\"\"> <mark class=\"count\">3 products<\/mark><\/a>\t\t\t        <\/div>\n\t\t\n\t\t    \n    \n    <\/div>\n\n\t\t\t\t\t\t\n\t\t\t\t\t\t\n                    <\/div> \t\t\t\t\t\n\t\t\t\t\t\n                <\/div>                 \n                \t\t\t\t\n\t\t\t\t\t\t\t\t<\/div>\n\t\t\t\t<\/div>\n\t\t\t\t\t<\/div>\n\t\t<\/div>\n\t\t\t\t\t<\/div>\n\t\t<\/section>\n\t\t\t\t<\/div>","protected":false},"excerpt":{"rendered":"<p>Accessories 13 products Bottoms 11 products Gifts 9 products Men 11 products Outerwear 3 products Sale 4 products Sweaters 34 products Tops 34 products<\/p>","protected":false},"author":1,"featured_media":0,"parent":0,"menu_order":0,"comment_status":"closed","ping_status":"closed","template":"","meta":{"om_disable_all_campaigns":false,"_monsterinsights_skip_tracking":false,"_monsterinsights_sitenote_active":false,"_monsterinsights_sitenote_note":"","_monsterinsights_sitenote_category":0,"footnotes":""},"class_list":["post-1037","page","type-page","status-publish","hentry"],"aioseo_notices":[],"_hostinger_reach_plugin_has_subscription_block":false,"_hostinger_reach_plugin_is_elementor":false,"jetpack_sharing_enabled":true,"_links":{"self":[{"href":"https:\/\/tuxaro.store\/fr\/wp-json\/wp\/v2\/pages\/1037","targetHints":{"allow":["GET"]}}],"collection":[{"href":"https:\/\/tuxaro.store\/fr\/wp-json\/wp\/v2\/pages"}],"about":[{"href":"https:\/\/tuxaro.store\/fr\/wp-json\/wp\/v2\/types\/page"}],"author":[{"embeddable":true,"href":"https:\/\/tuxaro.store\/fr\/wp-json\/wp\/v2\/users\/1"}],"replies":[{"embeddable":true,"href":"https:\/\/tuxaro.store\/fr\/wp-json\/wp\/v2\/comments?post=1037"}],"version-history":[{"count":0,"href":"https:\/\/tuxaro.store\/fr\/wp-json\/wp\/v2\/pages\/1037\/revisions"}],"wp:attachment":[{"href":"https:\/\/tuxaro.store\/fr\/wp-json\/wp\/v2\/media?parent=1037"}],"curies":[{"name":"wp","href":"https:\/\/api.w.org\/{rel}","templated":true}]}}