{"id":219,"date":"2020-12-13T10:06:56","date_gmt":"2020-12-13T10:06:56","guid":{"rendered":"https:\/\/xstore.8theme.com\/elementor\/demos\/marseille03\/?page_id=219"},"modified":"2026-01-03T19:01:50","modified_gmt":"2026-01-03T19:01:50","slug":"about-our-store","status":"publish","type":"page","link":"https:\/\/tuxaro.store\/fr\/about-our-store\/","title":{"rendered":"A propos de notre magasin"},"content":{"rendered":"<div data-elementor-type=\"wp-page\" data-elementor-id=\"219\" class=\"elementor elementor-219\" data-elementor-post-type=\"page\">\n\t\t\t\t\t\t<section class=\"elementor-section elementor-top-section elementor-element elementor-element-725dfcf elementor-section-stretched elementor-section-boxed elementor-section-height-default elementor-section-height-default\" data-id=\"725dfcf\" data-element_type=\"section\" data-e-type=\"section\" data-settings=\"{&quot;stretch_section&quot;:&quot;section-stretched&quot;,&quot;background_background&quot;:&quot;classic&quot;}\">\n\t\t\t\t\t\t<div class=\"elementor-container elementor-column-gap-no\">\n\t\t\t\t\t<div class=\"elementor-column elementor-col-100 elementor-top-column elementor-element elementor-element-59de4cd\" data-id=\"59de4cd\" data-element_type=\"column\" data-e-type=\"column\">\n\t\t\t<div class=\"elementor-widget-wrap elementor-element-populated\">\n\t\t\t\t\t\t<div class=\"elementor-element elementor-element-3f63f6f elementor-widget elementor-widget-heading\" data-id=\"3f63f6f\" data-element_type=\"widget\" data-e-type=\"widget\" data-widget_type=\"heading.default\">\n\t\t\t\t\t<h2 class=\"elementor-heading-title elementor-size-default\">A propos de notre MAGASIN<\/h2>\t\t\t\t<\/div>\n\t\t\t\t<section class=\"elementor-section elementor-inner-section elementor-element elementor-element-041d404 elementor-section-boxed elementor-section-height-default elementor-section-height-default\" data-id=\"041d404\" data-element_type=\"section\" data-e-type=\"section\">\n\t\t\t\t\t\t<div class=\"elementor-container elementor-column-gap-default\">\n\t\t\t\t\t<div class=\"elementor-column elementor-col-50 elementor-inner-column elementor-element elementor-element-7328f39\" data-id=\"7328f39\" data-element_type=\"column\" data-e-type=\"column\">\n\t\t\t<div class=\"elementor-widget-wrap elementor-element-populated\">\n\t\t\t\t\t\t<div class=\"elementor-element elementor-element-f4ba577 elementor-widget elementor-widget-text-editor\" data-id=\"f4ba577\" data-element_type=\"widget\" data-e-type=\"widget\" data-widget_type=\"text-editor.default\">\n\t\t\t\t\t\t\t\t\t<p data-start=\"142\" data-end=\"341\">Chez TUXARO, nous sommes une \u00e9quipe talentueuse et d\u00e9vou\u00e9e, sp\u00e9cialis\u00e9e dans la confection sur mesure et les v\u00eatements de c\u00e9r\u00e9monie pour hommes, avec une forte expertise en costumes, blazers, smokings et v\u00eatements raffin\u00e9s pour messieurs.<\/p>\t\t\t\t\t\t\t\t<\/div>\n\t\t\t\t<div class=\"elementor-element elementor-element-aa92879 elementor-widget elementor-widget-text-editor\" data-id=\"aa92879\" data-element_type=\"widget\" data-e-type=\"widget\" data-widget_type=\"text-editor.default\">\n\t\t\t\t\t\t\t\t\t<p data-start=\"343\" data-end=\"603\">Nous s\u00e9lectionnons avec soin chaque pi\u00e8ce pour garantir une qualit\u00e9 exceptionnelle, un savoir-faire irr\u00e9prochable et un style intemporel. Notre mission est simple\u00a0: choisir le meilleur pour l\u2019homme moderne, afin qu\u2019il affiche une allure confiante, \u00e9l\u00e9gante et distingu\u00e9e en toute occasion.<\/p>\t\t\t\t\t\t\t\t<\/div>\n\t\t\t\t\t<\/div>\n\t\t<\/div>\n\t\t\t\t<div class=\"elementor-column elementor-col-50 elementor-inner-column elementor-element elementor-element-c08fdd6\" data-id=\"c08fdd6\" data-element_type=\"column\" data-e-type=\"column\">\n\t\t\t<div class=\"elementor-widget-wrap elementor-element-populated\">\n\t\t\t\t\t\t<div class=\"elementor-element elementor-element-7896e79 elementor-widget elementor-widget-text-editor\" data-id=\"7896e79\" data-element_type=\"widget\" data-e-type=\"widget\" data-widget_type=\"text-editor.default\">\n\t\t\t\t\t\t\t\t\t<p data-start=\"605\" data-end=\"862\">TUXARO est un magasin de commerce \u00e9lectronique dont la distribution est bas\u00e9e dans les pays suivants <strong>Longueuil, Qu\u00e9bec.<\/strong> Nous sommes fiers de servir nos clients dans tout le Canada, en leur offrant l'acc\u00e8s \u00e0 une s\u00e9lection de plusieurs marques haut de gamme reconnues pour leur qualit\u00e9, leur confort et leur design.<\/p>\t\t\t\t\t\t\t\t<\/div>\n\t\t\t\t<div class=\"elementor-element elementor-element-3da2b51 elementor-widget elementor-widget-text-editor\" data-id=\"3da2b51\" data-element_type=\"widget\" data-e-type=\"widget\" data-widget_type=\"text-editor.default\">\n\t\t\t\t\t\t\t\t\t<p data-start=\"864\" data-end=\"1014\">Des tenues professionnelles quotidiennes aux \u00e9v\u00e9nements formels et aux moments sp\u00e9ciaux, nous pensons que chaque gentleman m\u00e9rite des v\u00eatements qui refl\u00e8tent l'excellence et le caract\u00e8re.<\/p>\t\t\t\t\t\t\t\t<\/div>\n\t\t\t\t\t<\/div>\n\t\t<\/div>\n\t\t\t\t\t<\/div>\n\t\t<\/section>\n\t\t\t\t<section class=\"elementor-section elementor-inner-section elementor-element elementor-element-b82a581 elementor-section-content-middle elementor-section-boxed elementor-section-height-default elementor-section-height-default\" data-id=\"b82a581\" data-element_type=\"section\" data-e-type=\"section\">\n\t\t\t\t\t\t<div class=\"elementor-container elementor-column-gap-no\">\n\t\t\t\t\t<div class=\"elementor-column elementor-col-50 elementor-inner-column elementor-element elementor-element-dbf2f79\" data-id=\"dbf2f79\" data-element_type=\"column\" data-e-type=\"column\">\n\t\t\t<div class=\"elementor-widget-wrap elementor-element-populated\">\n\t\t\t\t\t\t<div class=\"elementor-element elementor-element-8f5879b elementor-widget elementor-widget-image-box\" data-id=\"8f5879b\" data-element_type=\"widget\" data-e-type=\"widget\" data-widget_type=\"image-box.default\">\n\t\t\t\t\t<div class=\"elementor-image-box-wrapper\"><div class=\"elementor-image-box-content\"><h3 class=\"elementor-image-box-title\">Exp\u00e9dition rapide<\/h3><\/div><\/div>\t\t\t\t<\/div>\n\t\t\t\t\t<\/div>\n\t\t<\/div>\n\t\t\t\t<div class=\"elementor-column elementor-col-50 elementor-inner-column elementor-element elementor-element-eec26e8\" data-id=\"eec26e8\" data-element_type=\"column\" data-e-type=\"column\">\n\t\t\t<div class=\"elementor-widget-wrap elementor-element-populated\">\n\t\t\t\t\t\t<div class=\"elementor-element elementor-element-7541f77 elementor-widget elementor-widget-image-box\" data-id=\"7541f77\" data-element_type=\"widget\" data-e-type=\"widget\" data-widget_type=\"image-box.default\">\n\t\t\t\t\t<div class=\"elementor-image-box-wrapper\"><div class=\"elementor-image-box-content\"><h3 class=\"elementor-image-box-title\"><a href=\"https:\/\/tuxaro.store\/fr\/privacy-policy\/\" target=\"_blank\">politique de retour<\/a><\/h3><\/div><\/div>\t\t\t\t<\/div>\n\t\t\t\t\t<\/div>\n\t\t<\/div>\n\t\t\t\t\t<\/div>\n\t\t<\/section>\n\t\t\t\t\t<\/div>\n\t\t<\/div>\n\t\t\t\t\t<\/div>\n\t\t<\/section>\n\t\t\t\t<section class=\"elementor-section elementor-top-section elementor-element elementor-element-7846f5e elementor-section-boxed elementor-section-height-default elementor-section-height-default\" data-id=\"7846f5e\" data-element_type=\"section\" data-e-type=\"section\">\n\t\t\t\t\t\t<div class=\"elementor-container elementor-column-gap-no\">\n\t\t\t\t\t<div class=\"elementor-column elementor-col-100 elementor-top-column elementor-element elementor-element-9368a7a\" data-id=\"9368a7a\" data-element_type=\"column\" data-e-type=\"column\">\n\t\t\t<div class=\"elementor-widget-wrap elementor-element-populated\">\n\t\t\t\t\t\t<div class=\"elementor-element elementor-element-684e524 elementor-widget elementor-widget-heading\" data-id=\"684e524\" data-element_type=\"widget\" data-e-type=\"widget\" data-widget_type=\"heading.default\">\n\t\t\t\t\t<h2 class=\"elementor-heading-title elementor-size-default\">Actualit\u00e9s<\/h2>\t\t\t\t<\/div>\n\t\t\t\t<div class=\"elementor-element elementor-element-9d7260e elementor-widget elementor-widget-et_blog_carousel\" data-id=\"9d7260e\" data-element_type=\"widget\" data-e-type=\"widget\" data-widget_type=\"et_blog_carousel.default\">\n\t\t\t\t<div class=\"elementor-widget-container\">\n\t\t\t\t\t<div class=\"swiper-entry  middle arrows-hover\">\n\t                <div\n\t                    class=\"swiper-container carousel-area  posts-slider slider-4881\"\n\t                    \n\t                    data-breakpoints=\"1\"\n\t                    data-xs-slides=\"1\"\n\t                    data-sm-slides=\"2\"\n\t                    data-md-slides=\"3\"\n\t                    data-lt-slides=\"3\"\n\t                    data-slides-per-view=\"3\"\n\t                    \n\t                    data-slides-per-group=\"1\"\n\t                    data-autoplay=\"\"\n\t                    data-speed=\"300\"  \n\t                >\n\t            <div class=\"swiper-wrapper\"><div class=\"swiper-slide\" style=\"width:33.333333333333%\">\n<article class=\"blog-post post-grid col-md-4 grid-sizer byline-on content-default slide-view-vertical blog-align-left post-3975 post type-post status-publish format-standard has-post-thumbnail hentry category-suit-and-toxedo\" id=\"post-3975\">\n    <div>\n        \t\t\t\t\t\n\t\t\t<div class=\"wp-picture blog-hover-zoom\">\n\t\t\t\t\n\t\t\t\t\t\t\t\t\t<a href=\"https:\/\/tuxaro.store\/fr\/interactive-mens-suit-style-guide\/\">\n\t\t\t\t\t\t<img loading=\"lazy\" decoding=\"async\" width=\"300\" height=\"224\" src=\"https:\/\/tuxaro.store\/wp-content\/uploads\/xstore\/xstore-placeholder-300x300.png\" data-src=\"https:\/\/tuxaro.store\/wp-content\/uploads\/2025\/12\/Firefly_Gemini-Flash_Clean-split-screen-infographic-comparing-two-mens-formal-outfits._Left-side-labeled-236425-300x224.png\" class=\"lazyload lazyload-simple et-lazyload-fadeIn\" alt=\"\" data-srcset=\"https:\/\/tuxaro.store\/wp-content\/uploads\/2025\/12\/Firefly_Gemini-Flash_Clean-split-screen-infographic-comparing-two-mens-formal-outfits._Left-side-labeled-236425-300x224.png 300w, https:\/\/tuxaro.store\/wp-content\/uploads\/2025\/12\/Firefly_Gemini-Flash_Clean-split-screen-infographic-comparing-two-mens-formal-outfits._Left-side-labeled-236425-1024x765.png 1024w, https:\/\/tuxaro.store\/wp-content\/uploads\/2025\/12\/Firefly_Gemini-Flash_Clean-split-screen-infographic-comparing-two-mens-formal-outfits._Left-side-labeled-236425-768x573.png 768w, https:\/\/tuxaro.store\/wp-content\/uploads\/2025\/12\/Firefly_Gemini-Flash_Clean-split-screen-infographic-comparing-two-mens-formal-outfits._Left-side-labeled-236425-16x12.png 16w, https:\/\/tuxaro.store\/wp-content\/uploads\/2025\/12\/Firefly_Gemini-Flash_Clean-split-screen-infographic-comparing-two-mens-formal-outfits._Left-side-labeled-236425-600x448.png 600w, https:\/\/tuxaro.store\/wp-content\/uploads\/2025\/12\/Firefly_Gemini-Flash_Clean-split-screen-infographic-comparing-two-mens-formal-outfits._Left-side-labeled-236425-1x1.png 1w, https:\/\/tuxaro.store\/wp-content\/uploads\/2025\/12\/Firefly_Gemini-Flash_Clean-split-screen-infographic-comparing-two-mens-formal-outfits._Left-side-labeled-236425-10x7.png 10w, https:\/\/tuxaro.store\/wp-content\/uploads\/2025\/12\/Firefly_Gemini-Flash_Clean-split-screen-infographic-comparing-two-mens-formal-outfits._Left-side-labeled-236425.png 1200w\" data-sizes=\"(max-width: 300px) 100vw, 300px\" \/>\t\t\t\t\t<\/a>\n\t\t\t\t\t\t\t\t\t<div class=\"blog-mask\">\n\t\t\t\t\t\t\t\t\t\t\t\t\t<div class=\"blog-mask-inner\">\n\t\t\t\t\t\t\t\t<div class=\"svg-wrapper\">\n\t\t\t\t\t\t\t\t\t<a href=\"https:\/\/tuxaro.store\/fr\/interactive-mens-suit-style-guide\/\">\n\t\t\t\t\t\t\t\t\t\t<svg height=\"40\" width=\"150\" xmlns=\"http:\/\/www.w3.org\/2000\/svg\">\n\t\t\t\t\t\t\t\t\t\t\t<rect class=\"shape\" height=\"40\" width=\"150\" \/>\n\t\t\t\t\t\t\t\t\t\t<\/svg>\n\t\t\t\t\t\t\t\t\t\t<span class=\"btn btn-read-more style-custom\">Read more<\/span>\n\t\t\t\t\t\t\t\t\t<\/a>\n\t\t\t\t\t\t\t\t<\/div>\n\t\t\t\t\t\t\t<\/div>\n\t\t\t\t\t\t\t\t\t\t\t<\/div>\n\t\t\t\t\t\t\t\t\n\t\t\t\t\t\t\t<\/div>\n\t\t\t\t\n        <div class=\"grid-post-body\">\n            <div class=\"post-heading\">\n                <h2><a href=\"https:\/\/tuxaro.store\/fr\/interactive-mens-suit-style-guide\/\">Contenu interactif sur le style masculin : engagez votre public avec des questions simples<\/a><\/h2>\n                                    \t\t<div class=\"meta-post\">\n\t\t\t\t\t\t\t\t\t\t<time class=\"entry-date published updated\" datetime=\"D\u00e9cembre 20, 2025\">\n\t\t\t\t\t20 d\u00e9cembre 2025<\/time>\n\t\t\t\t\n\t\t\t\t\t\t\t\t\t<\/div>\n\t\t                            <\/div>\n\n            <div class=\"content-article\">\n                Le contenu interactif est l'un des moyens les plus efficaces pour accro\u00eetre l'engagement et \u00e9tablir un lien solide avec votre public. En posant des questions simples ax\u00e9es sur le style,...                            <\/div>\n        <\/div>\n    <\/div>\n<\/article>\n\n<\/div><div class=\"swiper-slide\" style=\"width:33.333333333333%\">\n<article class=\"blog-post post-grid col-md-4 byline-on content-default slide-view-vertical blog-align-left post-3970 post type-post status-publish format-standard has-post-thumbnail hentry category-suit-and-toxedo\" id=\"post-3970\">\n    <div>\n        \t\t\t\t\t\n\t\t\t<div class=\"wp-picture blog-hover-zoom\">\n\t\t\t\t\n\t\t\t\t\t\t\t\t\t<a href=\"https:\/\/tuxaro.store\/fr\/mens-tuxedo-trends-2026-style-inspiration-in-north-america\/\">\n\t\t\t\t\t\t<img loading=\"lazy\" decoding=\"async\" width=\"300\" height=\"224\" src=\"https:\/\/tuxaro.store\/wp-content\/uploads\/xstore\/xstore-placeholder-300x300.png\" data-src=\"https:\/\/tuxaro.store\/wp-content\/uploads\/2025\/12\/img-post-gal-1-300x224.png\" class=\"lazyload lazyload-simple et-lazyload-fadeIn\" alt=\"Infographic explaining the difference between a suit and a tuxedo, including formality and occasions\" data-srcset=\"https:\/\/tuxaro.store\/wp-content\/uploads\/2025\/12\/img-post-gal-1-300x224.png 300w, https:\/\/tuxaro.store\/wp-content\/uploads\/2025\/12\/img-post-gal-1-1024x765.png 1024w, https:\/\/tuxaro.store\/wp-content\/uploads\/2025\/12\/img-post-gal-1-768x573.png 768w, https:\/\/tuxaro.store\/wp-content\/uploads\/2025\/12\/img-post-gal-1-16x12.png 16w, https:\/\/tuxaro.store\/wp-content\/uploads\/2025\/12\/img-post-gal-1-600x448.png 600w, https:\/\/tuxaro.store\/wp-content\/uploads\/2025\/12\/img-post-gal-1-1x1.png 1w, https:\/\/tuxaro.store\/wp-content\/uploads\/2025\/12\/img-post-gal-1-10x7.png 10w, https:\/\/tuxaro.store\/wp-content\/uploads\/2025\/12\/img-post-gal-1.png 1200w\" data-sizes=\"(max-width: 300px) 100vw, 300px\" \/>\t\t\t\t\t<\/a>\n\t\t\t\t\t\t\t\t\t<div class=\"blog-mask\">\n\t\t\t\t\t\t\t\t\t\t\t\t\t<div class=\"blog-mask-inner\">\n\t\t\t\t\t\t\t\t<div class=\"svg-wrapper\">\n\t\t\t\t\t\t\t\t\t<a href=\"https:\/\/tuxaro.store\/fr\/mens-tuxedo-trends-2026-style-inspiration-in-north-america\/\">\n\t\t\t\t\t\t\t\t\t\t<svg height=\"40\" width=\"150\" xmlns=\"http:\/\/www.w3.org\/2000\/svg\">\n\t\t\t\t\t\t\t\t\t\t\t<rect class=\"shape\" height=\"40\" width=\"150\" \/>\n\t\t\t\t\t\t\t\t\t\t<\/svg>\n\t\t\t\t\t\t\t\t\t\t<span class=\"btn btn-read-more style-custom\">Read more<\/span>\n\t\t\t\t\t\t\t\t\t<\/a>\n\t\t\t\t\t\t\t\t<\/div>\n\t\t\t\t\t\t\t<\/div>\n\t\t\t\t\t\t\t\t\t\t\t<\/div>\n\t\t\t\t\t\t\t\t\n\t\t\t\t\t\t\t<\/div>\n\t\t\t\t\n        <div class=\"grid-post-body\">\n            <div class=\"post-heading\">\n                <h2><a href=\"https:\/\/tuxaro.store\/fr\/mens-tuxedo-trends-2026-style-inspiration-in-north-america\/\">Tendances 2026 en mati\u00e8re de smokings pour hommes : style et inspiration en Am\u00e9rique du Nord<\/a><\/h2>\n                                    \t\t<div class=\"meta-post\">\n\t\t\t\t\t\t\t\t\t\t<time class=\"entry-date published updated\" datetime=\"D\u00e9cembre 20, 2025\">\n\t\t\t\t\t20 d\u00e9cembre 2025<\/time>\n\t\t\t\t\n\t\t\t\t\t\t\t\t\t<\/div>\n\t\t                            <\/div>\n\n            <div class=\"content-article\">\n                Les tenues de c\u00e9r\u00e9monie pour hommes \u00e9voluent, et 2025 s'annonce comme une ann\u00e9e o\u00f9 la tradition rencontrera l'audace. Des tissus luxueux aux coupes minimalistes, les tenues modernes...                            <\/div>\n        <\/div>\n    <\/div>\n<\/article>\n\n<\/div><div class=\"swiper-slide\" style=\"width:33.333333333333%\">\n<article class=\"blog-post post-grid col-md-4 byline-on content-default slide-view-vertical blog-align-left post-3936 post type-post status-publish format-standard has-post-thumbnail hentry category-suit-and-toxedo\" id=\"post-3936\">\n    <div>\n        \t\t\t\t\t\n\t\t\t<div class=\"wp-picture blog-hover-zoom\">\n\t\t\t\t\n\t\t\t\t\t\t\t\t\t<a href=\"https:\/\/tuxaro.store\/fr\/mens-suit-guide-how-to-choose-the-right-suit-or-tuxedo\/\">\n\t\t\t\t\t\t<img loading=\"lazy\" decoding=\"async\" width=\"300\" height=\"224\" src=\"https:\/\/tuxaro.store\/wp-content\/uploads\/xstore\/xstore-placeholder-300x300.png\" data-src=\"https:\/\/tuxaro.store\/wp-content\/uploads\/2025\/12\/post-1-3-300x224.png\" class=\"lazyload lazyload-simple et-lazyload-fadeIn\" alt=\"\" data-srcset=\"https:\/\/tuxaro.store\/wp-content\/uploads\/2025\/12\/post-1-3-300x224.png 300w, https:\/\/tuxaro.store\/wp-content\/uploads\/2025\/12\/post-1-3-1024x765.png 1024w, https:\/\/tuxaro.store\/wp-content\/uploads\/2025\/12\/post-1-3-768x573.png 768w, https:\/\/tuxaro.store\/wp-content\/uploads\/2025\/12\/post-1-3-16x12.png 16w, https:\/\/tuxaro.store\/wp-content\/uploads\/2025\/12\/post-1-3-600x448.png 600w, https:\/\/tuxaro.store\/wp-content\/uploads\/2025\/12\/post-1-3-1x1.png 1w, https:\/\/tuxaro.store\/wp-content\/uploads\/2025\/12\/post-1-3-10x7.png 10w, https:\/\/tuxaro.store\/wp-content\/uploads\/2025\/12\/post-1-3.png 1200w\" data-sizes=\"(max-width: 300px) 100vw, 300px\" \/>\t\t\t\t\t<\/a>\n\t\t\t\t\t\t\t\t\t<div class=\"blog-mask\">\n\t\t\t\t\t\t\t\t\t\t\t\t\t<div class=\"blog-mask-inner\">\n\t\t\t\t\t\t\t\t<div class=\"svg-wrapper\">\n\t\t\t\t\t\t\t\t\t<a href=\"https:\/\/tuxaro.store\/fr\/mens-suit-guide-how-to-choose-the-right-suit-or-tuxedo\/\">\n\t\t\t\t\t\t\t\t\t\t<svg height=\"40\" width=\"150\" xmlns=\"http:\/\/www.w3.org\/2000\/svg\">\n\t\t\t\t\t\t\t\t\t\t\t<rect class=\"shape\" height=\"40\" width=\"150\" \/>\n\t\t\t\t\t\t\t\t\t\t<\/svg>\n\t\t\t\t\t\t\t\t\t\t<span class=\"btn btn-read-more style-custom\">Read more<\/span>\n\t\t\t\t\t\t\t\t\t<\/a>\n\t\t\t\t\t\t\t\t<\/div>\n\t\t\t\t\t\t\t<\/div>\n\t\t\t\t\t\t\t\t\t\t\t<\/div>\n\t\t\t\t\t\t\t\t\n\t\t\t\t\t\t\t<\/div>\n\t\t\t\t\n        <div class=\"grid-post-body\">\n            <div class=\"post-heading\">\n                <h2><a href=\"https:\/\/tuxaro.store\/fr\/mens-suit-guide-how-to-choose-the-right-suit-or-tuxedo\/\">Guide du costume pour homme : Comment choisir le bon costume ou smoking<\/a><\/h2>\n                                    \t\t<div class=\"meta-post\">\n\t\t\t\t\t\t\t\t\t\t<time class=\"entry-date published updated\" datetime=\"D\u00e9cembre 20, 2025\">\n\t\t\t\t\t20 d\u00e9cembre 2025<\/time>\n\t\t\t\t\n\t\t\t\t\t\t\t\t\t<\/div>\n\t\t                            <\/div>\n\n            <div class=\"content-article\">\n                Le choix de la tenue appropri\u00e9e joue un r\u00f4le important dans la fa\u00e7on dont vous \u00eates per\u00e7u. Que vous assistiez \u00e0 un mariage, \u00e0 un \u00e9v\u00e9nement officiel ou que vous vous rendiez \u00e0...                            <\/div>\n        <\/div>\n    <\/div>\n<\/article>\n\n<\/div><\/div><!-- slider wrapper--><\/div><!-- slider container-->\n                \t\t<div class=\"swiper-button-prev swiper-custom-left  et-swiper-elementor-nav type-arrow style-1\"><\/div>\n                \t\t<div class=\"swiper-button-next swiper-custom-right  et-swiper-elementor-nav type-arrow style-1\"><\/div>\n                \t\t<\/div><div class=\"clear\"><\/div><!-- slider-entry -->\t\t\t\t<\/div>\n\t\t\t\t<\/div>\n\t\t\t\t\t<\/div>\n\t\t<\/div>\n\t\t\t\t\t<\/div>\n\t\t<\/section>\n\t\t<div class=\"elementor-element elementor-element-dca2a81 e-flex e-con-boxed e-con e-parent\" data-id=\"dca2a81\" data-element_type=\"container\" data-e-type=\"container\">\n\t\t\t\t\t<div class=\"e-con-inner\">\n\t\t\t\t<div class=\"elementor-element elementor-element-bef4771 elementor-widget elementor-widget-etheme-google-map\" data-id=\"bef4771\" data-element_type=\"widget\" data-e-type=\"widget\" data-widget_type=\"etheme-google-map.default\">\n\t\t\t\t<div class=\"elementor-widget-container\">\n\t\t\t\t\t\t\t<div id=\"etheme-map-bef4771\" class=\"etheme-map\" data-etheme-gesture=\"auto\"  data-etheme-map-zoom-control=\"true\" data-etheme-map-zoom-control-position=\"RIGHT_BOTTOM\"  data-etheme-defaultui=\"false\" data-etheme-map-style=\"\" data-etheme-map-type=\"roadmap\"  data-etheme-map-type-control=\"true\" data-etheme-map-type-control-style=\"DEFAULT\" data-etheme-map-type-control-position=\"TOP_LEFT\"  data-etheme-map-streetview-control=\"false\" data-etheme-map-lat=\"1.2833754\" data-etheme-map-lng=\"103.86072639999998\" data-etheme-map-zoom=\"15\" data-etheme-map-infowindow-width=\"250\" data-etheme-locations='[{\"lat\":\"1.2833754\",\"lng\":\"103.86072639999998\",\"title\":\"Pin #1\",\"content\":\"Lorem ipsum dolor sit amet, consectetur adipiscing elit. Ut elit tellus, luctus nec ullamcorper mattis, pulvinar dapibus leo.\",\"pin_icon\":\"\"}]'><\/div>\n\n\t\t\t\t\t<\/div>\n\t\t\t\t<\/div>\n\t\t\t\t\t<\/div>\n\t\t\t\t<\/div>\n\t\t\t\t<\/div>","protected":false},"excerpt":{"rendered":"<p>About our STORE At TUXARO, we are a talented and dedicated team specializing in men\u2019s fine tailoring and formalwear, with a strong focus on suits,&#8230;<\/p>","protected":false},"author":1,"featured_media":0,"parent":0,"menu_order":0,"comment_status":"closed","ping_status":"closed","template":"","meta":{"om_disable_all_campaigns":false,"_monsterinsights_skip_tracking":false,"_monsterinsights_sitenote_active":false,"_monsterinsights_sitenote_note":"","_monsterinsights_sitenote_category":0,"footnotes":""},"class_list":["post-219","page","type-page","status-publish","hentry"],"aioseo_notices":[],"_hostinger_reach_plugin_has_subscription_block":false,"_hostinger_reach_plugin_is_elementor":false,"jetpack_sharing_enabled":true,"_links":{"self":[{"href":"https:\/\/tuxaro.store\/fr\/wp-json\/wp\/v2\/pages\/219","targetHints":{"allow":["GET"]}}],"collection":[{"href":"https:\/\/tuxaro.store\/fr\/wp-json\/wp\/v2\/pages"}],"about":[{"href":"https:\/\/tuxaro.store\/fr\/wp-json\/wp\/v2\/types\/page"}],"author":[{"embeddable":true,"href":"https:\/\/tuxaro.store\/fr\/wp-json\/wp\/v2\/users\/1"}],"replies":[{"embeddable":true,"href":"https:\/\/tuxaro.store\/fr\/wp-json\/wp\/v2\/comments?post=219"}],"version-history":[{"count":6,"href":"https:\/\/tuxaro.store\/fr\/wp-json\/wp\/v2\/pages\/219\/revisions"}],"predecessor-version":[{"id":4356,"href":"https:\/\/tuxaro.store\/fr\/wp-json\/wp\/v2\/pages\/219\/revisions\/4356"}],"wp:attachment":[{"href":"https:\/\/tuxaro.store\/fr\/wp-json\/wp\/v2\/media?parent=219"}],"curies":[{"name":"wp","href":"https:\/\/api.w.org\/{rel}","templated":true}]}}