{"id":318,"date":"2020-12-13T13:04:03","date_gmt":"2020-12-13T13:04:03","guid":{"rendered":"https:\/\/xstore.8theme.com\/elementor\/demos\/marseille03\/?page_id=318"},"modified":"2026-01-03T20:04:42","modified_gmt":"2026-01-03T20:04:42","slug":"delivery","status":"publish","type":"page","link":"https:\/\/tuxaro.store\/fr\/delivery\/","title":{"rendered":"Livraison"},"content":{"rendered":"<div data-elementor-type=\"wp-page\" data-elementor-id=\"318\" class=\"elementor elementor-318\" data-elementor-post-type=\"page\">\n\t\t\t\t<div class=\"elementor-element elementor-element-7d22c44 e-flex e-con-boxed e-con e-parent\" data-id=\"7d22c44\" data-element_type=\"container\" data-e-type=\"container\">\n\t\t\t\t\t<div class=\"e-con-inner\">\n\t\t\t\t<div class=\"elementor-element elementor-element-b7c6a68 elementor-widget elementor-widget-etheme_flipbox\" data-id=\"b7c6a68\" data-element_type=\"widget\" data-e-type=\"widget\" data-widget_type=\"etheme_flipbox.default\">\n\t\t\t\t<div class=\"elementor-widget-container\">\n\t\t\t\t\t\n        <div class=\"etheme-flipbox-wrapper etheme-flip-box-effect-flip etheme-flip-box-3d etheme-flip-box-direction-right\">\n            <div class=\"etheme-flipbox-side_a\">\n                <div class=\"etheme-flipbox-inner\">\n                                                    <div class=\"elementor-icon etheme-flipbox-icon etheme-flipbox-icon-a\">\n                                    <svg class=\"e-font-icon-svg e-fas-shipping-fast\" viewbox=\"0 0 640 512\" xmlns=\"http:\/\/www.w3.org\/2000\/svg\"><path d=\"M624 352h-16V243.9c0-12.7-5.1-24.9-14.1-33.9L494 110.1c-9-9-21.2-14.1-33.9-14.1H416V48c0-26.5-21.5-48-48-48H112C85.5 0 64 21.5 64 48v48H8c-4.4 0-8 3.6-8 8v16c0 4.4 3.6 8 8 8h272c4.4 0 8 3.6 8 8v16c0 4.4-3.6 8-8 8H40c-4.4 0-8 3.6-8 8v16c0 4.4 3.6 8 8 8h208c4.4 0 8 3.6 8 8v16c0 4.4-3.6 8-8 8H8c-4.4 0-8 3.6-8 8v16c0 4.4 3.6 8 8 8h208c4.4 0 8 3.6 8 8v16c0 4.4-3.6 8-8 8H64v128c0 53 43 96 96 96s96-43 96-96h128c0 53 43 96 96 96s96-43 96-96h48c8.8 0 16-7.2 16-16v-32c0-8.8-7.2-16-16-16zM160 464c-26.5 0-48-21.5-48-48s21.5-48 48-48 48 21.5 48 48-21.5 48-48 48zm320 0c-26.5 0-48-21.5-48-48s21.5-48 48-48 48 21.5 48 48-21.5 48-48 48zm80-208H416V144h44.1l99.9 99.9V256z\"><\/path><\/svg>                                <\/div>\n                                                    <h3 class=\"etheme-flipbox-title etheme-flipbox-title-a\">\n                            DELIVERY & SHIPPING\u200b                        <\/h3>\n                                                <div class=\"etheme-flipbox-description etheme-flipbox-description-a\">\n                             <p class=\"translation-block\">Chez <strong data-start=\"\u00ab\" data-end=\"\u00ab\">TUXARO<\/strong>, nous travaillons avec des transporteurs fiables et dignes de confiance afin de garantir que votre commande soit livr\u00e9e en toute s\u00e9curit\u00e9 et dans les d\u00e9lais impartis.<\/p>\n\n    <h2>Transporteurs<\/h2>\n\n    We ship orders using:\n   \n        Canada Post, GLS, UPS, FedEx <\/br>\n        Le transporteur est s\u00e9lectionn\u00e9 en fonction de votre emplacement et de l'option de livraison la plus efficace disponible.\n    <\/br>\n<br>\n    <h2>D\u00e9lai de traitement des commandes<\/h2>\n\n    <ul>\n        Toutes les commandes sont trait\u00e9es dans un d\u00e9lai de 3 jours ouvrables.<\/br>\n        Les commandes sont soigneusement pr\u00e9par\u00e9es, inspect\u00e9es et emball\u00e9es avant exp\u00e9dition.<\/>\n        <br>Le d\u00e9lai de traitement n'inclut pas les week-ends ni les jours f\u00e9ri\u00e9s.<\/li>\n    <\/ul>\n\n    <h2>D\u00e9lai de livraison<\/h2>\n\n    <p class=\"translation-block\">Une fois exp\u00e9di\u00e9e, la livraison prend g\u00e9n\u00e9ralement <strong data-start=\"\u00ab\" data-end=\"\u00ab\">1 \u00e0 2 jours ouvrables<\/strong>, selon votre emplacement et le transporteur s\u00e9lectionn\u00e9.<\/p>\n\n<\/body>\n<\/html>\n                        <\/div>\n                                        <\/div>\n            <\/div>\n            <div class=\"etheme-flipbox-side_b\">\n                <div class=\"etheme-flipbox-inner\">\n                                                <div class=\"etheme-flipbox-image etheme-flipbox-image-b\">\n                                <div class=\"etheme-flipbox-image\">\n                                    <img loading=\"lazy\" decoding=\"async\" width=\"847\" height=\"500\" src=\"https:\/\/tuxaro.store\/wp-content\/uploads\/elementor\/thumbs\/xstore-placeholder-rfvpsx6y192kgjovqfa52q0bqizvcyxapodsunei5k.png\" class=\"attachment-full size-full wp-image-4364 lazyload lazyload-simple et-lazyload-fadeIn\" alt=\"\" sizes=\"auto, (max-width: 847px) 100vw, 847px\" data-src=\"https:\/\/tuxaro.store\/wp-content\/uploads\/2026\/01\/slider-back-2.png\" data-srcset=\"https:\/\/tuxaro.store\/wp-content\/uploads\/2026\/01\/slider-back-2.png 847w, https:\/\/tuxaro.store\/wp-content\/uploads\/2026\/01\/slider-back-2-300x177.png 300w, https:\/\/tuxaro.store\/wp-content\/uploads\/2026\/01\/slider-back-2-768x453.png 768w, https:\/\/tuxaro.store\/wp-content\/uploads\/2026\/01\/slider-back-2-18x12.png 18w, https:\/\/tuxaro.store\/wp-content\/uploads\/2026\/01\/slider-back-2-600x354.png 600w, https:\/\/tuxaro.store\/wp-content\/uploads\/2026\/01\/slider-back-2-1x1.png 1w, https:\/\/tuxaro.store\/wp-content\/uploads\/2026\/01\/slider-back-2-10x6.png 10w\" \/>                                <\/div>\n                            <\/div>\n                                            <\/div>\n            <\/div>\n        <\/div>\n        \t\t\t\t<\/div>\n\t\t\t\t<\/div>\n\t\t\t\t<div class=\"elementor-element elementor-element-fc13492 elementor-widget elementor-widget-spacer\" data-id=\"fc13492\" data-element_type=\"widget\" data-e-type=\"widget\" data-widget_type=\"spacer.default\">\n\t\t\t\t\t\t\t<div class=\"elementor-spacer\">\n\t\t\t<div class=\"elementor-spacer-inner\"><\/div>\n\t\t<\/div>\n\t\t\t\t\t\t<\/div>\n\t\t\t\t\t<\/div>\n\t\t\t\t<\/div>\n\t\t\t\t<section class=\"elementor-section elementor-top-section elementor-element elementor-element-82bb03b elementor-section-boxed elementor-section-height-default elementor-section-height-default\" data-id=\"82bb03b\" data-element_type=\"section\" data-e-type=\"section\">\n\t\t\t\t\t\t<div class=\"elementor-container elementor-column-gap-no\">\n\t\t\t\t\t<div class=\"elementor-column elementor-col-100 elementor-top-column elementor-element elementor-element-7ba0f55\" data-id=\"7ba0f55\" data-element_type=\"column\" data-e-type=\"column\">\n\t\t\t<div class=\"elementor-widget-wrap elementor-element-populated\">\n\t\t\t\t\t\t<div class=\"elementor-element elementor-element-1aeb84f elementor-widget elementor-widget-heading\" data-id=\"1aeb84f\" data-element_type=\"widget\" data-e-type=\"widget\" data-widget_type=\"heading.default\">\n\t\t\t\t\t<h2 class=\"elementor-heading-title elementor-size-default\">Avez-vous des questions ?<\/h2>\t\t\t\t<\/div>\n\t\t\t\t<div class=\"elementor-element elementor-element-bdfa485 elementor-widget elementor-widget-text-editor\" data-id=\"bdfa485\" data-element_type=\"widget\" data-e-type=\"widget\" data-widget_type=\"text-editor.default\">\n\t\t\t\t\t\t\t\t\t<p class=\"translation-block\">Si vous souhaitez obtenir plus d'informations sur <strong data-start=\"\u00ab\" data-end=\"\u00ab\">TUXARO<\/strong> ou si vous avez besoin d'aide concernant nos costumes, blazers, smokings ou commandes, nous sommes l\u00e0 pour vous aider. <br data-start=\"\u00ab\" data-end=\"\u00ab\">Il vous suffit de remplir le formulaire ci-dessous avec votre message, et notre \u00e9quipe vous r\u00e9pondra dans les plus brefs d\u00e9lais.<\/p>\t\t\t\t\t\t\t\t<\/div>\n\t\t\t\t\t<\/div>\n\t\t<\/div>\n\t\t\t\t\t<\/div>\n\t\t<\/section>\n\t\t\t\t<section class=\"elementor-section elementor-top-section elementor-element elementor-element-31253935 elementor-section-boxed elementor-section-height-default elementor-section-height-default\" data-id=\"31253935\" data-element_type=\"section\" data-e-type=\"section\">\n\t\t\t\t\t\t<div class=\"elementor-container elementor-column-gap-no\">\n\t\t\t\t\t<div class=\"elementor-column elementor-col-100 elementor-top-column elementor-element elementor-element-22eb0a79\" data-id=\"22eb0a79\" data-element_type=\"column\" data-e-type=\"column\">\n\t\t\t<div class=\"elementor-widget-wrap elementor-element-populated\">\n\t\t\t\t\t\t<div class=\"elementor-element elementor-element-3083bfe elementor-widget elementor-widget-wpforms\" data-id=\"3083bfe\" data-element_type=\"widget\" data-e-type=\"widget\" data-widget_type=\"wpforms.default\">\n\t\t\t\t<div class=\"elementor-widget-container\">\n\t\t\t\t\t<style id=\"wpforms-css-vars-elementor-widget-3083bfe\">\n\t\t\t\t.elementor-widget-wpforms.elementor-element-3083bfe {\n\t\t\t\t--wpforms-field-border-color: #cccccc;\n--wpforms-field-border-color-spare: #cccccc;\n--wpforms-field-text-color: #444444;\n--wpforms-label-color: #262626;\n--wpforms-label-sublabel-color: #7f7f7f;\n--wpforms-label-error-color: #ff0000;\n--wpforms-button-border-style: solid;\n--wpforms-button-background-color: #dddddd;\n--wpforms-button-border-color: #cccccc;\n--wpforms-button-text-color: #666666;\n--wpforms-page-break-color: #dddddd;\n--wpforms-label-size-font-size: 14px;\n--wpforms-label-size-line-height: 17px;\n--wpforms-label-size-sublabel-font-size: 13px;\n--wpforms-label-size-sublabel-line-height: 16px;\n\t\t\t}\n\t\t\t<\/style><div class=\"wpforms-container wpforms-container-full wpforms-render-modern\" id=\"wpforms-2957\"><form id=\"wpforms-form-2957\" class=\"wpforms-validate wpforms-form wpforms-ajax-form\" data-formid=\"2957\" method=\"post\" enctype=\"multipart\/form-data\" action=\"\/fr\/wp-json\/wp\/v2\/pages\/318\" data-token=\"1549084bffccf75612a5e081bb202f09\" data-token-time=\"1777600076\" data-trp-original-action=\"\/fr\/wp-json\/wp\/v2\/pages\/318\"><noscript class=\"wpforms-error-noscript\">Please enable JavaScript in your browser to complete this form.<\/noscript><div id=\"wpforms-error-noscript\" style=\"display: none;\">Please enable JavaScript in your browser to complete this form.<\/div><div class=\"wpforms-field-container\">\t\t<div id=\"wpforms-2957-field_4-container\"\n\t\t\tclass=\"wpforms-field wpforms-field-text\"\n\t\t\tdata-field-type=\"text\"\n\t\t\tdata-field-id=\"4\"\n\t\t\t>\n\t\t\t<label class=\"wpforms-field-label\" for=\"wpforms-2957-field_4\" >Email Name Your<\/label>\n\t\t\t<input type=\"text\" id=\"wpforms-2957-field_4\" class=\"wpforms-field-medium\" name=\"wpforms[fields][4]\" >\n\t\t<\/div>\n\t\t<div id=\"wpforms-2957-field_1-container\" class=\"wpforms-field wpforms-field-name\" data-field-id=\"1\"><fieldset><legend class=\"wpforms-field-label\">Nom <span class=\"wpforms-required-label\" aria-hidden=\"true\">*<\/span><\/legend><div class=\"wpforms-field-row wpforms-field-large\"><div class=\"wpforms-field-row-block wpforms-first wpforms-two-fifths\"><input type=\"text\" id=\"wpforms-2957-field_1\" class=\"wpforms-field-name-first wpforms-field-required\" name=\"wpforms[fields][1][first]\" aria-errormessage=\"wpforms-2957-field_1-error\" required><label for=\"wpforms-2957-field_1\" class=\"wpforms-field-sublabel after\">First<\/label><\/div><div class=\"wpforms-field-row-block wpforms-one-fifth\"><input type=\"text\" id=\"wpforms-2957-field_1-middle\" class=\"wpforms-field-name-middle\" name=\"wpforms[fields][1][middle]\" aria-errormessage=\"wpforms-2957-field_1-middle-error\" ><label for=\"wpforms-2957-field_1-middle\" class=\"wpforms-field-sublabel after\">Middle<\/label><\/div><div class=\"wpforms-field-row-block wpforms-two-fifths\"><input type=\"text\" id=\"wpforms-2957-field_1-last\" class=\"wpforms-field-name-last wpforms-field-required\" name=\"wpforms[fields][1][last]\" aria-errormessage=\"wpforms-2957-field_1-last-error\" required><label for=\"wpforms-2957-field_1-last\" class=\"wpforms-field-sublabel after\">Last<\/label><\/div><\/div><\/fieldset><\/div><div id=\"wpforms-2957-field_2-container\" class=\"wpforms-field wpforms-field-email\" data-field-id=\"2\"><label class=\"wpforms-field-label\" for=\"wpforms-2957-field_2\">Courriel <span class=\"wpforms-required-label\" aria-hidden=\"true\">*<\/span><\/label><input type=\"email\" id=\"wpforms-2957-field_2\" class=\"wpforms-field-large wpforms-field-required\" name=\"wpforms[fields][2]\" spellcheck=\"false\" aria-errormessage=\"wpforms-2957-field_2-error\" required><\/div><div id=\"wpforms-2957-field_3-container\" class=\"wpforms-field wpforms-field-textarea\" data-field-id=\"3\"><label class=\"wpforms-field-label\" for=\"wpforms-2957-field_3\">Your Subject<\/label><textarea id=\"wpforms-2957-field_3\" class=\"wpforms-field-medium\" name=\"wpforms[fields][3]\" aria-errormessage=\"wpforms-2957-field_3-error\" ><\/textarea><\/div><script>\n\t\t\t\t( function() {\n\t\t\t\t\tconst style = document.createElement( 'style' );\n\t\t\t\t\tstyle.appendChild( document.createTextNode( '#wpforms-2957-field_4-container { position: absolute !important; overflow: hidden !important; display: inline !important; height: 1px !important; width: 1px !important; z-index: -1000 !important; padding: 0 !important; } #wpforms-2957-field_4-container input { visibility: hidden; } #wpforms-conversational-form-page #wpforms-2957-field_4-container label { counter-increment: none; }' ) );\n\t\t\t\t\tdocument.head.appendChild( style );\n\t\t\t\t\tdocument.currentScript?.remove();\n\t\t\t\t} )();\n\t\t\t<\/script><\/div><!-- .wpforms-field-container --><div class=\"wpforms-submit-container\" ><input type=\"hidden\" name=\"wpforms[id]\" value=\"2957\"><input type=\"hidden\" name=\"page_title\" value=\"\"><input type=\"hidden\" name=\"page_url\" value=\"https:\/\/tuxaro.store\/fr\/wp-json\/wp\/v2\/pages\/318\"><input type=\"hidden\" name=\"url_referer\" value=\"\"><button type=\"submit\" name=\"wpforms[submit]\" id=\"wpforms-submit-2957\" class=\"wpforms-submit\" data-alt-text=\"Sending...\" data-submit-text=\"Submit\" aria-live=\"assertive\" value=\"wpforms-submit\">Soumettre<\/button><img loading=\"lazy\" decoding=\"async\" src=\"https:\/\/tuxaro.store\/wp-content\/plugins\/wpforms-lite\/assets\/images\/submit-spin.svg\" class=\"wpforms-submit-spinner\" style=\"display: none;\" width=\"26\" height=\"26\" alt=\"Loading\"><\/div><input type=\"hidden\" name=\"trp-form-language\" value=\"fr\"\/><\/form><\/div>  <!-- .wpforms-container -->\t\t\t\t<\/div>\n\t\t\t\t<\/div>\n\t\t\t\t\t<\/div>\n\t\t<\/div>\n\t\t\t\t\t<\/div>\n\t\t<\/section>\n\t\t\t\t<\/div>","protected":false},"excerpt":{"rendered":"<p>DELIVERY &#038; SHIPPING\u200b At TUXARO, we work with trusted and reliable carriers to ensure your order is delivered safely and on time. Shipping Carriers We&#8230;<\/p>","protected":false},"author":1,"featured_media":0,"parent":0,"menu_order":0,"comment_status":"closed","ping_status":"closed","template":"","meta":{"om_disable_all_campaigns":false,"_monsterinsights_skip_tracking":false,"_monsterinsights_sitenote_active":false,"_monsterinsights_sitenote_note":"","_monsterinsights_sitenote_category":0,"footnotes":""},"class_list":["post-318","page","type-page","status-publish","hentry"],"aioseo_notices":[],"_hostinger_reach_plugin_has_subscription_block":false,"_hostinger_reach_plugin_is_elementor":false,"jetpack_sharing_enabled":true,"_links":{"self":[{"href":"https:\/\/tuxaro.store\/fr\/wp-json\/wp\/v2\/pages\/318","targetHints":{"allow":["GET"]}}],"collection":[{"href":"https:\/\/tuxaro.store\/fr\/wp-json\/wp\/v2\/pages"}],"about":[{"href":"https:\/\/tuxaro.store\/fr\/wp-json\/wp\/v2\/types\/page"}],"author":[{"embeddable":true,"href":"https:\/\/tuxaro.store\/fr\/wp-json\/wp\/v2\/users\/1"}],"replies":[{"embeddable":true,"href":"https:\/\/tuxaro.store\/fr\/wp-json\/wp\/v2\/comments?post=318"}],"version-history":[{"count":15,"href":"https:\/\/tuxaro.store\/fr\/wp-json\/wp\/v2\/pages\/318\/revisions"}],"predecessor-version":[{"id":4367,"href":"https:\/\/tuxaro.store\/fr\/wp-json\/wp\/v2\/pages\/318\/revisions\/4367"}],"wp:attachment":[{"href":"https:\/\/tuxaro.store\/fr\/wp-json\/wp\/v2\/media?parent=318"}],"curies":[{"name":"wp","href":"https:\/\/api.w.org\/{rel}","templated":true}]}}